{"id":1559,"date":"2017-06-10T08:24:41","date_gmt":"2017-06-10T08:24:41","guid":{"rendered":"http:\/\/xtratheme.combuilding\/?page_id=6"},"modified":"2023-08-01T13:39:05","modified_gmt":"2023-08-01T13:39:05","slug":"about-us","status":"publish","type":"page","link":"https:\/\/dolphin-diving-international.com\/de\/about-us\/","title":{"rendered":"\u00dcber uns"},"content":{"rendered":"<div data-elementor-type=\"wp-page\" data-elementor-id=\"1559\" class=\"elementor elementor-1559\">\n\t\t\t\t\t\t<section class=\"elementor-section elementor-top-section elementor-element elementor-element-3ec04815 elementor-section-boxed elementor-section-height-default elementor-section-height-default\" data-id=\"3ec04815\" data-element_type=\"section\">\n\t\t\t\t\t\t<div class=\"elementor-container elementor-column-gap-default\">\n\t\t\t\t\t<div class=\"elementor-column elementor-col-50 elementor-top-column elementor-element elementor-element-5d0309d8\" data-id=\"5d0309d8\" data-element_type=\"column\">\n\t\t\t<div class=\"elementor-widget-wrap elementor-element-populated\">\n\t\t\t\t\t\t<div class=\"elementor-element elementor-element-3794a3c9 elementor-widget elementor-widget-cz_title\" data-id=\"3794a3c9\" data-element_type=\"widget\" data-widget_type=\"cz_title.default\">\n\t\t\t\t<div class=\"elementor-widget-container\">\n\t\t\t\t\t\t\r\n\t\t<div>\r\n\t\t\t<div class=\"cz_title clr cz_mobile_text_center cz_title_pos_inline\"><div class=\"cz_title_shape shape_square cz_shape_1\"><\/div><div class=\"cz_title_shape shape_square cz_shape_2\"><\/div><div class=\"cz_title_content\"><div class=\"cz_wpe_content\"><h3><span style=\"font-weight: 300;\"><span style=\"color: rgba(41, 39, 104, 0.35);\">WER SIND WIR?<\/span> <\/span><\/h3><h2><span style=\"font-weight: bold;\">\u00dcBER UNS <\/span><\/h2><h2>DOLPHIN SUBWING DIVING<\/h2><\/div><\/div><\/div>\r\n\t\t<\/div>\r\n\t\t\r\n\t\t\t\t\t\t<\/div>\n\t\t\t\t<\/div>\n\t\t\t\t<div class=\"elementor-element elementor-element-2cf32790 elementor-widget elementor-widget-cz_title\" data-id=\"2cf32790\" data-element_type=\"widget\" data-widget_type=\"cz_title.default\">\n\t\t\t\t<div class=\"elementor-widget-container\">\n\t\t\t\t\t\t\r\n\t\t<div>\r\n\t\t\t<div class=\"cz_title clr cz_mobile_text_center cz_title_pos_inline\"><div class=\"cz_title_content\"><div class=\"cz_wpe_content\"><p>Hallo, wir sind Yvonne und Fred Hoda aus Deutschland. Wir sind die Inhaber des Unternehmens DOLPHIN SUBWING DIVING (DSD). Das ist ein \u00e4gyptisches Unternehmen mit deutschem Management.<\/p><p>Wir sind auf das Anbieten von SUBWING Aktivit\u00e4ten fokussiert. Jeder Interessent, der schwimmen kann, soll ein v\u00f6llig neuartiges Gef\u00fchl  unter Wasser zu erleben. Wir m\u00f6chten den SUBWING Sport in \u00c4gypten popul\u00e4r machen\u00a0<\/p><p>2019 starteten wir mit DSD in Europa. 2022 wurde unsere Firmengr\u00fcndung in \u00c4gypten abgeschlossen und wir begannen den Registrierungsvorgang von DSD als Marke in \u00c4gypten.<\/p><\/div><\/div><\/div>\r\n\t\t<\/div>\r\n\t\t\r\n\t\t\t\t\t\t<\/div>\n\t\t\t\t<\/div>\n\t\t\t\t\t<\/div>\n\t\t<\/div>\n\t\t\t\t<div class=\"elementor-column elementor-col-50 elementor-top-column elementor-element elementor-element-137078e4\" data-id=\"137078e4\" data-element_type=\"column\">\n\t\t\t<div class=\"elementor-widget-wrap elementor-element-populated\">\n\t\t\t\t\t\t<div class=\"elementor-element elementor-element-9a4a4a8 elementor-widget elementor-widget-image\" data-id=\"9a4a4a8\" data-element_type=\"widget\" data-widget_type=\"image.default\">\n\t\t\t\t<div class=\"elementor-widget-container\">\n\t\t\t\t\t\t\t\t\t\t\t\t\t\t\t<img fetchpriority=\"high\" decoding=\"async\" width=\"480\" height=\"480\" src=\"data:image\/svg+xml,%3Csvg%20xmlns%3D&#39;http%3A%2F%2Fwww.w3.org%2F2000%2Fsvg&#39;%20width=&#39;480&#39;%20height=&#39;480&#39;%20viewBox%3D&#39;0%200%20480%20480&#39;%2F%3E\" data-czlz data-src=\"https:\/\/dolphin-diving-international.com\/wp-content\/uploads\/2023\/08\/K640_Fred_Yvonne.jpg\" class=\"attachment-full size-full wp-image-2963\" alt=\"\" data-srcset=\"https:\/\/dolphin-diving-international.com\/wp-content\/uploads\/2023\/08\/K640_Fred_Yvonne.jpg 480w, https:\/\/dolphin-diving-international.com\/wp-content\/uploads\/2023\/08\/K640_Fred_Yvonne-300x300.jpg 300w, https:\/\/dolphin-diving-international.com\/wp-content\/uploads\/2023\/08\/K640_Fred_Yvonne-150x150.jpg 150w, https:\/\/dolphin-diving-international.com\/wp-content\/uploads\/2023\/08\/K640_Fred_Yvonne-12x12.jpg 12w\" data-sizes=\"(max-width: 480px) 100vw, 480px\" \/>\t\t\t\t\t\t\t\t\t\t\t\t\t\t\t<\/div>\n\t\t\t\t<\/div>\n\t\t\t\t\t<\/div>\n\t\t<\/div>\n\t\t\t\t\t<\/div>\n\t\t<\/section>\n\t\t\t\t<\/div>","protected":false},"excerpt":{"rendered":"<p>WHO WE ARE? ABOUT US DOLPHIN SUBWING DIVING Hello, we are &#8230; <\/p>","protected":false},"author":1,"featured_media":0,"parent":0,"menu_order":0,"comment_status":"closed","ping_status":"closed","template":"","meta":{"footnotes":""},"_links":{"self":[{"href":"https:\/\/dolphin-diving-international.com\/de\/wp-json\/wp\/v2\/pages\/1559"}],"collection":[{"href":"https:\/\/dolphin-diving-international.com\/de\/wp-json\/wp\/v2\/pages"}],"about":[{"href":"https:\/\/dolphin-diving-international.com\/de\/wp-json\/wp\/v2\/types\/page"}],"author":[{"embeddable":true,"href":"https:\/\/dolphin-diving-international.com\/de\/wp-json\/wp\/v2\/users\/1"}],"replies":[{"embeddable":true,"href":"https:\/\/dolphin-diving-international.com\/de\/wp-json\/wp\/v2\/comments?post=1559"}],"version-history":[{"count":24,"href":"https:\/\/dolphin-diving-international.com\/de\/wp-json\/wp\/v2\/pages\/1559\/revisions"}],"predecessor-version":[{"id":2969,"href":"https:\/\/dolphin-diving-international.com\/de\/wp-json\/wp\/v2\/pages\/1559\/revisions\/2969"}],"wp:attachment":[{"href":"https:\/\/dolphin-diving-international.com\/de\/wp-json\/wp\/v2\/media?parent=1559"}],"curies":[{"name":"wp","href":"https:\/\/api.w.org\/{rel}","templated":true}]}}